{"id":1316,"date":"2021-09-10T17:46:57","date_gmt":"2021-09-10T16:46:57","guid":{"rendered":"http:\/\/www.madia.fr\/?page_id=1316"},"modified":"2021-09-10T18:11:46","modified_gmt":"2021-09-10T17:11:46","slug":"lettre-20-de-decembre-2020","status":"publish","type":"page","link":"https:\/\/www.madia.fr\/?page_id=1316","title":{"rendered":"Lettre 20 de d\u00e9cembre 2020"},"content":{"rendered":"Notre lettre d&rsquo;information n\u00b020 de d\u00e9cembre 2020 est sortie. Elle donne l&rsquo;actualit\u00e9 de l&rsquo;association. N&rsquo;h\u00e9sitez pas \u00e0 la t\u00e9l\u00e9charger <a href=\"http:\/\/www.madia.fr\/wp-content\/uploads\/2021\/09\/nl20.pdf\">ici<\/a>.\n\n<!-- \/wp:post-content -->\n\n<!-- wp:paragraph -->\n\nVos r\u00e9actions sont les bienvenues en \u00e9crivant\u00a0au <a href=\"mailto:webmaster@madia.fr?subject=Lettre%20Info%203\">Webmaster<\/a>\n\n<!-- wp:paragraph -->\n\n<!-- \/wp:paragraph -->","protected":false},"excerpt":{"rendered":"<p>Notre lettre d&rsquo;information n\u00b020 de d\u00e9cembre 2020 est sortie. Elle donne l&rsquo;actualit\u00e9 de l&rsquo;association. N&rsquo;h\u00e9sitez pas \u00e0 la t\u00e9l\u00e9charger ici. Vos r\u00e9actions sont les bienvenues en \u00e9crivant\u00a0au Webmaster<\/p>\n","protected":false},"author":1,"featured_media":0,"parent":0,"menu_order":0,"comment_status":"closed","ping_status":"closed","template":"","meta":{"footnotes":""},"class_list":["post-1316","page","type-page","status-publish","hentry"],"_links":{"self":[{"href":"https:\/\/www.madia.fr\/index.php?rest_route=\/wp\/v2\/pages\/1316","targetHints":{"allow":["GET"]}}],"collection":[{"href":"https:\/\/www.madia.fr\/index.php?rest_route=\/wp\/v2\/pages"}],"about":[{"href":"https:\/\/www.madia.fr\/index.php?rest_route=\/wp\/v2\/types\/page"}],"author":[{"embeddable":true,"href":"https:\/\/www.madia.fr\/index.php?rest_route=\/wp\/v2\/users\/1"}],"replies":[{"embeddable":true,"href":"https:\/\/www.madia.fr\/index.php?rest_route=%2Fwp%2Fv2%2Fcomments&post=1316"}],"version-history":[{"count":4,"href":"https:\/\/www.madia.fr\/index.php?rest_route=\/wp\/v2\/pages\/1316\/revisions"}],"predecessor-version":[{"id":1341,"href":"https:\/\/www.madia.fr\/index.php?rest_route=\/wp\/v2\/pages\/1316\/revisions\/1341"}],"wp:attachment":[{"href":"https:\/\/www.madia.fr\/index.php?rest_route=%2Fwp%2Fv2%2Fmedia&parent=1316"}],"curies":[{"name":"wp","href":"https:\/\/api.w.org\/{rel}","templated":true}]}}