{"id":1334,"date":"2021-11-10T18:01:00","date_gmt":"2021-11-10T17:01:00","guid":{"rendered":"http:\/\/www.madia.fr\/?p=1334"},"modified":"2021-12-22T21:55:35","modified_gmt":"2021-12-22T20:55:35","slug":"lettre-23-de-aout-2021-2","status":"publish","type":"page","link":"https:\/\/www.madia.fr\/?page_id=1334","title":{"rendered":"Lettre 24 de novembre 2021"},"content":{"rendered":"Notre lettre d&rsquo;information n\u00b024 de novembre 2021 est sortie. Elle donne l&rsquo;actualit\u00e9 de l&rsquo;association. N&rsquo;h\u00e9sitez pas \u00e0 la t\u00e9l\u00e9charger <a href=\"http:\/\/www.madia.fr\/wp-content\/uploads\/2021\/12\/nl24.pdf\">ici<\/a>.\n\n<!-- \/wp:post-content -->\n\n<!-- wp:paragraph -->\n\nVos r\u00e9actions sont les bienvenues en \u00e9crivant&nbsp;au <a href=\"mailto:webmaster@madia.fr?subject=Lettre%20Info%203\">Webmaster<\/a>\n\n<!-- wp:paragraph -->\n\n<!-- \/wp:paragraph -->\n\n<!-- wp:paragraph -->\n\n<!-- \/wp:paragraph -->","protected":false},"excerpt":{"rendered":"<p>Notre lettre d&rsquo;information n\u00b024 de novembre 2021 est sortie. Elle donne l&rsquo;actualit\u00e9 de l&rsquo;association. N&rsquo;h\u00e9sitez pas \u00e0 la t\u00e9l\u00e9charger ici. Vos r\u00e9actions sont les bienvenues en \u00e9crivant&nbsp;au Webmaster<\/p>\n","protected":false},"author":1,"featured_media":0,"parent":0,"menu_order":0,"comment_status":"closed","ping_status":"open","template":"","meta":{"footnotes":""},"class_list":["post-1334","page","type-page","status-publish","hentry"],"_links":{"self":[{"href":"https:\/\/www.madia.fr\/index.php?rest_route=\/wp\/v2\/pages\/1334","targetHints":{"allow":["GET"]}}],"collection":[{"href":"https:\/\/www.madia.fr\/index.php?rest_route=\/wp\/v2\/pages"}],"about":[{"href":"https:\/\/www.madia.fr\/index.php?rest_route=\/wp\/v2\/types\/page"}],"author":[{"embeddable":true,"href":"https:\/\/www.madia.fr\/index.php?rest_route=\/wp\/v2\/users\/1"}],"replies":[{"embeddable":true,"href":"https:\/\/www.madia.fr\/index.php?rest_route=%2Fwp%2Fv2%2Fcomments&post=1334"}],"version-history":[{"count":5,"href":"https:\/\/www.madia.fr\/index.php?rest_route=\/wp\/v2\/pages\/1334\/revisions"}],"predecessor-version":[{"id":1383,"href":"https:\/\/www.madia.fr\/index.php?rest_route=\/wp\/v2\/pages\/1334\/revisions\/1383"}],"wp:attachment":[{"href":"https:\/\/www.madia.fr\/index.php?rest_route=%2Fwp%2Fv2%2Fmedia&parent=1334"}],"curies":[{"name":"wp","href":"https:\/\/api.w.org\/{rel}","templated":true}]}}