{"id":1347,"date":"2021-09-10T20:04:19","date_gmt":"2021-09-10T19:04:19","guid":{"rendered":"http:\/\/www.madia.fr\/?page_id=1347"},"modified":"2023-02-04T13:41:21","modified_gmt":"2023-02-04T12:41:21","slug":"projets-2021-en-cours","status":"publish","type":"page","link":"https:\/\/www.madia.fr\/?page_id=1347","title":{"rendered":"Projets 2021"},"content":{"rendered":"\n<p>L\u00a0\u00bbassembl\u00e9e G\u00e9n\u00e9rale de 2020 a souhait\u00e9 \u00e9tendre les actions de <span class=\"has-inline-color has-luminous-vivid-orange-color\"><em>Madia<\/em><\/span> et la suivante en 2021 l&rsquo;a confirm\u00e9.<\/p>\n\n\n\n<p>Aussi, notre action \u00e0 Fianarantsoa a continu\u00e9 bien entendu avec la cantine des petits et l&rsquo;\u00c9cole de la Seconde Chance. C&rsquo;est la quatri\u00e8me promotion qui entre ce mois de septembre 2021.<\/p>\n\n\n\n<p>Et diverses r\u00e9novations, int\u00e9rieures et ext\u00e9rieurs ont eu lieu illustr\u00e9es ici : <\/p>\n\n\n\n<p><\/p>\n\n\n\n<p><\/p>\n\n\n\n<p>Mais deux autres actions se sont ajout\u00e9es : <\/p>\n\n\n\n<p>L&rsquo;une \u00e0 l&rsquo;\u00cele Sainte Marie au profit d&rsquo;un orphelinat Zazakely avec r\u00e9novation de la distribution \u00e9lectrique afin de pouvoir alimenter avec les panneaux solaires. <\/p>\n\n\n\n<p>L&rsquo;autre \u00e0 Ambositra pour l\u00e9\u00e9dification d&rsquo;une biblioth\u00e8que et d&rsquo;un lieu d&rsquo;accueil pour enfants. <\/p>\n\n\n\n<p>Nous sommes revenus sur ces sujets dans nos lettres d&rsquo;informations. <\/p>\n\n\n\n<p><\/p>\n\n\n\n<p><\/p>\n","protected":false},"excerpt":{"rendered":"<p>L\u00a0\u00bbassembl\u00e9e G\u00e9n\u00e9rale de 2020 a souhait\u00e9 \u00e9tendre les actions de Madia et la suivante en 2021 l&rsquo;a confirm\u00e9. Aussi, notre action \u00e0 Fianarantsoa a continu\u00e9 bien entendu avec la cantine des petits et l&rsquo;\u00c9cole de la Seconde Chance. C&rsquo;est la quatri\u00e8me promotion qui entre ce mois de septembre 2021. Et diverses r\u00e9novations, int\u00e9rieures et ext\u00e9rieurs [&hellip;]<\/p>\n","protected":false},"author":1,"featured_media":0,"parent":0,"menu_order":0,"comment_status":"closed","ping_status":"closed","template":"","meta":{"footnotes":""},"class_list":["post-1347","page","type-page","status-publish","hentry"],"_links":{"self":[{"href":"https:\/\/www.madia.fr\/index.php?rest_route=\/wp\/v2\/pages\/1347","targetHints":{"allow":["GET"]}}],"collection":[{"href":"https:\/\/www.madia.fr\/index.php?rest_route=\/wp\/v2\/pages"}],"about":[{"href":"https:\/\/www.madia.fr\/index.php?rest_route=\/wp\/v2\/types\/page"}],"author":[{"embeddable":true,"href":"https:\/\/www.madia.fr\/index.php?rest_route=\/wp\/v2\/users\/1"}],"replies":[{"embeddable":true,"href":"https:\/\/www.madia.fr\/index.php?rest_route=%2Fwp%2Fv2%2Fcomments&post=1347"}],"version-history":[{"count":6,"href":"https:\/\/www.madia.fr\/index.php?rest_route=\/wp\/v2\/pages\/1347\/revisions"}],"predecessor-version":[{"id":1621,"href":"https:\/\/www.madia.fr\/index.php?rest_route=\/wp\/v2\/pages\/1347\/revisions\/1621"}],"wp:attachment":[{"href":"https:\/\/www.madia.fr\/index.php?rest_route=%2Fwp%2Fv2%2Fmedia&parent=1347"}],"curies":[{"name":"wp","href":"https:\/\/api.w.org\/{rel}","templated":true}]}}