{"id":1391,"date":"2022-02-18T17:17:33","date_gmt":"2022-02-18T16:17:33","guid":{"rendered":"http:\/\/www.madia.fr\/?p=1391"},"modified":"2022-03-16T18:58:55","modified_gmt":"2022-03-16T17:58:55","slug":"concert-de-soutien-26-mars-2022","status":"publish","type":"page","link":"https:\/\/www.madia.fr\/?page_id=1391","title":{"rendered":"Concert de soutien 26 mars 2022"},"content":{"rendered":"\n<p><\/p>\n\n\n\n<p><\/p>\n\n\n\n<div class=\"wp-block-image\"><figure class=\"aligncenter size-large is-resized\"><a href=\"http:\/\/www.madia.fr\/wp-content\/uploads\/2022\/02\/unnamed.jpg\"><img loading=\"lazy\" decoding=\"async\" src=\"http:\/\/www.madia.fr\/wp-content\/uploads\/2022\/02\/unnamed-1024x831.jpg\" alt=\"Concert de soutien\" class=\"wp-image-1406\" width=\"512\" height=\"416\" srcset=\"https:\/\/www.madia.fr\/wp-content\/uploads\/2022\/02\/unnamed-1024x831.jpg 1024w, https:\/\/www.madia.fr\/wp-content\/uploads\/2022\/02\/unnamed-300x243.jpg 300w, https:\/\/www.madia.fr\/wp-content\/uploads\/2022\/02\/unnamed-768x623.jpg 768w, https:\/\/www.madia.fr\/wp-content\/uploads\/2022\/02\/unnamed.jpg 1082w\" sizes=\"auto, (max-width: 512px) 100vw, 512px\" \/><\/a><figcaption>Concert de soutien suite aux impacts dus aux cyclones \u00e0 Madagascar<\/figcaption><\/figure><\/div>\n\n\n\n<p><\/p>\n\n\n\n<p>Chers Amis,<br><br>Vous \u00eates invit\u00e9s \u00e0 un concert de soutien pour Madagascar, s\u00e9v\u00e8rement touch\u00e9 par le cyclone d\u00e9but f\u00e9vrier 2022. <br>Il aura lieu le 26 mars au th\u00e9\u00e2tre Jacques Carat de Cachan par Justin Vali, musicien Malgache et son orchestre.<br>Nous avons besoin de vous.<br><br>Tous les profits seront int\u00e9gralement revers\u00e9s pour les familles que nous suivons \u00e0 Madagascar. <br><br>Si vous souhaitez venir, merci de nous le signaler en envoyant un email \u00e0 contact@madia.fr ou nous contacter au 06 72 43 73 67 en indiquant le nombre de personnes. <\/p>\n\n\n\n<p>Mise \u00e0 jour 16\/03\/22 : Nous sommes pr\u00e9sent sur <a href=\"https:\/\/www.helloasso.com\/associations\/madia\/evenements\/concert-madia\">HelloAsso<\/a> o\u00f9 vous pouvez directement prendre vos billets (15\u20ac\/personne) et faire vos dons sur la plateforme !<br><\/p>\n\n\n\n<p>Lieu : Th\u00e9\u00e2tre Jacques Carat<br>21 Av. Louis Georgeon, 94230 Cachan<\/p>\n\n\n\n<div data-wp-interactive=\"core\/file\" class=\"wp-block-file\"><a href=\"http:\/\/www.madia.fr\/wp-content\/uploads\/2022\/02\/Affiche-concert-Madia-26-Mars-2022.pdf\">Affiche-concert-Madia-26-Mars-2022<\/a><a href=\"http:\/\/www.madia.fr\/wp-content\/uploads\/2022\/02\/Affiche-concert-Madia-26-Mars-2022.pdf\" class=\"wp-block-file__button\" download>T\u00e9l\u00e9charger<\/a><\/div>\n\n\n\n<p><br>Dans tous les cas, n\u2019h\u00e9sitez pas \u00e0 diffuser cette invitation.<\/p>\n","protected":false},"excerpt":{"rendered":"<p>Chers Amis, Vous \u00eates invit\u00e9s \u00e0 un concert de soutien pour Madagascar, s\u00e9v\u00e8rement touch\u00e9 par le cyclone d\u00e9but f\u00e9vrier 2022. Il aura lieu le 26 mars au th\u00e9\u00e2tre Jacques Carat de Cachan par Justin Vali, musicien Malgache et son orchestre.Nous avons besoin de vous. Tous les profits seront int\u00e9gralement revers\u00e9s pour les familles que nous [&hellip;]<\/p>\n","protected":false},"author":1,"featured_media":0,"parent":0,"menu_order":0,"comment_status":"closed","ping_status":"open","template":"","meta":{"footnotes":""},"class_list":["post-1391","page","type-page","status-publish","hentry"],"_links":{"self":[{"href":"https:\/\/www.madia.fr\/index.php?rest_route=\/wp\/v2\/pages\/1391","targetHints":{"allow":["GET"]}}],"collection":[{"href":"https:\/\/www.madia.fr\/index.php?rest_route=\/wp\/v2\/pages"}],"about":[{"href":"https:\/\/www.madia.fr\/index.php?rest_route=\/wp\/v2\/types\/page"}],"author":[{"embeddable":true,"href":"https:\/\/www.madia.fr\/index.php?rest_route=\/wp\/v2\/users\/1"}],"replies":[{"embeddable":true,"href":"https:\/\/www.madia.fr\/index.php?rest_route=%2Fwp%2Fv2%2Fcomments&post=1391"}],"version-history":[{"count":24,"href":"https:\/\/www.madia.fr\/index.php?rest_route=\/wp\/v2\/pages\/1391\/revisions"}],"predecessor-version":[{"id":1700,"href":"https:\/\/www.madia.fr\/index.php?rest_route=\/wp\/v2\/pages\/1391\/revisions\/1700"}],"wp:attachment":[{"href":"https:\/\/www.madia.fr\/index.php?rest_route=%2Fwp%2Fv2%2Fmedia&parent=1391"}],"curies":[{"name":"wp","href":"https:\/\/api.w.org\/{rel}","templated":true}]}}