{"id":1505,"date":"2022-07-07T12:58:37","date_gmt":"2022-07-07T11:58:37","guid":{"rendered":"http:\/\/www.madia.fr\/?p=1505"},"modified":"2023-02-20T17:21:37","modified_gmt":"2023-02-20T16:21:37","slug":"arrivee-de-cassiopee-a-fianarantsoa","status":"publish","type":"page","link":"https:\/\/www.madia.fr\/?page_id=1505","title":{"rendered":"Arriv\u00e9e de Cassiop\u00e9e \u00e0 Fianarantsoa"},"content":{"rendered":"\n<p><\/p>\n\n\n\n<p><em>Cassiop\u00e9e est b\u00e9n\u00e9vole \u00e0 Madia et s&rsquo;est port\u00e9e volontaire pour une mission durant le mois de juillet \u00e0 Fianarantsoa. Sa premi\u00e8re rencontre a permis de faire connaissance avec Rova, dipl\u00f4m\u00e9e de l&rsquo;an dernier en coupe et couture. Mais dans quel but ? Elle nous le confie dans son premier article.<\/em><\/p>\n\n\n\n<p><\/p>\n\n\n\n<p>Rova, brillante \u00e9l\u00e8ve de la 1\u00e8re promotion de l\u2019ESC en coupe et couture, r\u00e9cemment embauch\u00e9e \u00e0 Beravina, un atelier de couture \u00e0 Fianarantsoa, et cr\u00e9atrice des blouses des \u00e9l\u00e8ves de l\u2019\u00c9cole de la Seconde Chance, a re\u00e7u de la part de son parrain des livres de couture. Cette attention est bien appr\u00e9ci\u00e9e alors que de tels livres sont peu pr\u00e9sents dans les rayonnages des biblioth\u00e8ques, des \u00e9coles, des librairies et co\u00fbtent extr\u00eamement chers. Tr\u00e8s touch\u00e9e, Rova s\u2019est imm\u00e9diatement plong\u00e9e dans ses nouveaux livres. Il ne fait aucun doute qu\u2019ils lui seront d\u2019une grande aide dans son nouveau m\u00e9tier.&nbsp;<\/p>\n\n\n<div class=\"wp-block-image\">\n<figure class=\"aligncenter size-full\"><a href=\"http:\/\/www.madia.fr\/wp-content\/uploads\/2022\/07\/rova.jpg\"><img loading=\"lazy\" decoding=\"async\" width=\"828\" height=\"621\" src=\"http:\/\/www.madia.fr\/wp-content\/uploads\/2022\/07\/rova.jpg\" alt=\"\" class=\"wp-image-1507\" srcset=\"https:\/\/www.madia.fr\/wp-content\/uploads\/2022\/07\/rova.jpg 828w, https:\/\/www.madia.fr\/wp-content\/uploads\/2022\/07\/rova-300x225.jpg 300w, https:\/\/www.madia.fr\/wp-content\/uploads\/2022\/07\/rova-768x576.jpg 768w\" sizes=\"auto, (max-width: 828px) 100vw, 828px\" \/><\/a><figcaption class=\"wp-element-caption\">Hanitrala remet a Rova les livres de couture apport\u00e9s de France par Cassiop\u00e9e<\/figcaption><\/figure><\/div>\n\n\n<p><\/p>\n","protected":false},"excerpt":{"rendered":"<p>Cassiop\u00e9e est b\u00e9n\u00e9vole \u00e0 Madia et s&rsquo;est port\u00e9e volontaire pour une mission durant le mois de juillet \u00e0 Fianarantsoa. Sa premi\u00e8re rencontre a permis de faire connaissance avec Rova, dipl\u00f4m\u00e9e de l&rsquo;an dernier en coupe et couture. Mais dans quel but ? Elle nous le confie dans son premier article. Rova, brillante \u00e9l\u00e8ve de la [&hellip;]<\/p>\n","protected":false},"author":1,"featured_media":0,"parent":0,"menu_order":0,"comment_status":"closed","ping_status":"open","template":"","meta":{"footnotes":""},"class_list":["post-1505","page","type-page","status-publish","hentry"],"_links":{"self":[{"href":"https:\/\/www.madia.fr\/index.php?rest_route=\/wp\/v2\/pages\/1505","targetHints":{"allow":["GET"]}}],"collection":[{"href":"https:\/\/www.madia.fr\/index.php?rest_route=\/wp\/v2\/pages"}],"about":[{"href":"https:\/\/www.madia.fr\/index.php?rest_route=\/wp\/v2\/types\/page"}],"author":[{"embeddable":true,"href":"https:\/\/www.madia.fr\/index.php?rest_route=\/wp\/v2\/users\/1"}],"replies":[{"embeddable":true,"href":"https:\/\/www.madia.fr\/index.php?rest_route=%2Fwp%2Fv2%2Fcomments&post=1505"}],"version-history":[{"count":7,"href":"https:\/\/www.madia.fr\/index.php?rest_route=\/wp\/v2\/pages\/1505\/revisions"}],"predecessor-version":[{"id":1744,"href":"https:\/\/www.madia.fr\/index.php?rest_route=\/wp\/v2\/pages\/1505\/revisions\/1744"}],"wp:attachment":[{"href":"https:\/\/www.madia.fr\/index.php?rest_route=%2Fwp%2Fv2%2Fmedia&parent=1505"}],"curies":[{"name":"wp","href":"https:\/\/api.w.org\/{rel}","templated":true}]}}