{"id":1537,"date":"2022-07-30T11:10:54","date_gmt":"2022-07-30T10:10:54","guid":{"rendered":"http:\/\/www.madia.fr\/?page_id=1537"},"modified":"2023-02-20T17:06:01","modified_gmt":"2023-02-20T16:06:01","slug":"a-la-cantine-le-midi","status":"publish","type":"page","link":"https:\/\/www.madia.fr\/?page_id=1537","title":{"rendered":"A la cantine le midi"},"content":{"rendered":"\n<p>En d\u00e9jeunant avec les \u00e9l\u00e8ves, j\u2019ai pu constater \u00e0 quel point la cantine \u00e0 laquelle j\u2019avais \u00e9t\u00e9 habitu\u00e9e en France contrastait avec celle-ci. \u00c0 nos entr\u00e9es, plats et desserts, viande ou poisson, pur\u00e9e ou semoule, pain, et possibilit\u00e9 de se resservir, s\u2019oppose un menu tr\u00e8s simple compos\u00e9 de riz et de br\u00e8des, que les \u00e9l\u00e8ves agr\u00e9mentent d\u2019un bouillon en versant de l\u2019eau chaude dans leur assiette une fois termin\u00e9e. Et pourtant, ce repas, digne, constitue le plus complet et roboratif de leur journ\u00e9e, alors que ces jeunes sont en pleine croissance.<\/p>\n\n\n\n<p><\/p>\n\n\n<div class=\"wp-block-image\">\n<figure class=\"aligncenter size-full\"><a href=\"http:\/\/www.madia.fr\/wp-content\/uploads\/2022\/07\/article-4-cassio.jpg\"><img loading=\"lazy\" decoding=\"async\" width=\"828\" height=\"621\" src=\"http:\/\/www.madia.fr\/wp-content\/uploads\/2022\/07\/article-4-cassio.jpg\" alt=\"\" class=\"wp-image-1532\" srcset=\"https:\/\/www.madia.fr\/wp-content\/uploads\/2022\/07\/article-4-cassio.jpg 828w, https:\/\/www.madia.fr\/wp-content\/uploads\/2022\/07\/article-4-cassio-300x225.jpg 300w, https:\/\/www.madia.fr\/wp-content\/uploads\/2022\/07\/article-4-cassio-768x576.jpg 768w\" sizes=\"auto, (max-width: 828px) 100vw, 828px\" \/><\/a><figcaption class=\"wp-element-caption\">La cantine, moment important de la journ\u00e9e<\/figcaption><\/figure><\/div>\n\n\n<p>Ainsi, au terme de ma premi\u00e8re semaine \u00e0 l\u2019\u00c9cole de la Seconde Chance, j\u2019ai pu constater que chaque don, de quelque nature qu\u2019il soit, faisait la diff\u00e9rence. Des livres, un jeu de cartes, de l\u2019argent, des cahiers, des v\u00eatements, etc.<\/p>\n","protected":false},"excerpt":{"rendered":"<p>En d\u00e9jeunant avec les \u00e9l\u00e8ves, j\u2019ai pu constater \u00e0 quel point la cantine \u00e0 laquelle j\u2019avais \u00e9t\u00e9 habitu\u00e9e en France contrastait avec celle-ci. \u00c0 nos entr\u00e9es, plats et desserts, viande ou poisson, pur\u00e9e ou semoule, pain, et possibilit\u00e9 de se resservir, s\u2019oppose un menu tr\u00e8s simple compos\u00e9 de riz et de br\u00e8des, que les \u00e9l\u00e8ves [&hellip;]<\/p>\n","protected":false},"author":1,"featured_media":0,"parent":0,"menu_order":0,"comment_status":"closed","ping_status":"closed","template":"","meta":{"footnotes":""},"class_list":["post-1537","page","type-page","status-publish","hentry"],"_links":{"self":[{"href":"https:\/\/www.madia.fr\/index.php?rest_route=\/wp\/v2\/pages\/1537","targetHints":{"allow":["GET"]}}],"collection":[{"href":"https:\/\/www.madia.fr\/index.php?rest_route=\/wp\/v2\/pages"}],"about":[{"href":"https:\/\/www.madia.fr\/index.php?rest_route=\/wp\/v2\/types\/page"}],"author":[{"embeddable":true,"href":"https:\/\/www.madia.fr\/index.php?rest_route=\/wp\/v2\/users\/1"}],"replies":[{"embeddable":true,"href":"https:\/\/www.madia.fr\/index.php?rest_route=%2Fwp%2Fv2%2Fcomments&post=1537"}],"version-history":[{"count":2,"href":"https:\/\/www.madia.fr\/index.php?rest_route=\/wp\/v2\/pages\/1537\/revisions"}],"predecessor-version":[{"id":1728,"href":"https:\/\/www.madia.fr\/index.php?rest_route=\/wp\/v2\/pages\/1537\/revisions\/1728"}],"wp:attachment":[{"href":"https:\/\/www.madia.fr\/index.php?rest_route=%2Fwp%2Fv2%2Fmedia&parent=1537"}],"curies":[{"name":"wp","href":"https:\/\/api.w.org\/{rel}","templated":true}]}}