{"id":1549,"date":"2022-07-30T12:57:36","date_gmt":"2022-07-30T11:57:36","guid":{"rendered":"http:\/\/www.madia.fr\/?page_id=1549"},"modified":"2023-02-20T17:06:18","modified_gmt":"2023-02-20T16:06:18","slug":"distribution-pour-la-fete-nationale","status":"publish","type":"page","link":"https:\/\/www.madia.fr\/?page_id=1549","title":{"rendered":"Distribution pour la f\u00eate nationale"},"content":{"rendered":"\n<p>Samedi 25 juin, veille de la f\u00eate nationale malgache, s\u2019est tenue une distribution de vivres \u00e0 l\u2019ESC. Les familles des \u00e9l\u00e8ves de l\u2019ESC, des jeunes en centres de formation, des \u00e9l\u00e8ves de l\u2019AIC ainsi que ceux b\u00e9n\u00e9ficiaires de la cantine ont pu en b\u00e9n\u00e9ficier. <\/p>\n\n\n\n<p><\/p>\n\n\n<div class=\"wp-block-image\">\n<figure class=\"aligncenter size-full\"><a href=\"http:\/\/www.madia.fr\/wp-content\/uploads\/2022\/07\/article-5-li.jpg\"><img loading=\"lazy\" decoding=\"async\" width=\"425\" height=\"319\" src=\"http:\/\/www.madia.fr\/wp-content\/uploads\/2022\/07\/article-5-li.jpg\" alt=\"\" class=\"wp-image-1547\" srcset=\"https:\/\/www.madia.fr\/wp-content\/uploads\/2022\/07\/article-5-li.jpg 425w, https:\/\/www.madia.fr\/wp-content\/uploads\/2022\/07\/article-5-li-300x225.jpg 300w\" sizes=\"auto, (max-width: 425px) 100vw, 425px\" \/><\/a><figcaption class=\"wp-element-caption\">Attente patiente de la distribution. Les chaises de l&rsquo;ESC donnent du confort<\/figcaption><\/figure><\/div>\n\n\n<p>Gr\u00e2ce au travail conjoint des b\u00e9n\u00e9voles de l\u2019AIC et des membres de l\u2019ESC, les familles se sont vues remettre des paniers charg\u00e9s de provisions de premi\u00e8re n\u00e9cessit\u00e9 tels que du riz, des haricots, du sucre, du sel, du savon, de l\u2019huile et des \u0153ufs. En ces temps de f\u00eates et de convivialit\u00e9 si chers au c\u0153ur des malgaches, cette distribution fut bien appr\u00e9ci\u00e9e des familles.<\/p>\n","protected":false},"excerpt":{"rendered":"<p>Samedi 25 juin, veille de la f\u00eate nationale malgache, s\u2019est tenue une distribution de vivres \u00e0 l\u2019ESC. Les familles des \u00e9l\u00e8ves de l\u2019ESC, des jeunes en centres de formation, des \u00e9l\u00e8ves de l\u2019AIC ainsi que ceux b\u00e9n\u00e9ficiaires de la cantine ont pu en b\u00e9n\u00e9ficier. Gr\u00e2ce au travail conjoint des b\u00e9n\u00e9voles de l\u2019AIC et des membres [&hellip;]<\/p>\n","protected":false},"author":1,"featured_media":0,"parent":0,"menu_order":0,"comment_status":"closed","ping_status":"closed","template":"","meta":{"footnotes":""},"class_list":["post-1549","page","type-page","status-publish","hentry"],"_links":{"self":[{"href":"https:\/\/www.madia.fr\/index.php?rest_route=\/wp\/v2\/pages\/1549","targetHints":{"allow":["GET"]}}],"collection":[{"href":"https:\/\/www.madia.fr\/index.php?rest_route=\/wp\/v2\/pages"}],"about":[{"href":"https:\/\/www.madia.fr\/index.php?rest_route=\/wp\/v2\/types\/page"}],"author":[{"embeddable":true,"href":"https:\/\/www.madia.fr\/index.php?rest_route=\/wp\/v2\/users\/1"}],"replies":[{"embeddable":true,"href":"https:\/\/www.madia.fr\/index.php?rest_route=%2Fwp%2Fv2%2Fcomments&post=1549"}],"version-history":[{"count":3,"href":"https:\/\/www.madia.fr\/index.php?rest_route=\/wp\/v2\/pages\/1549\/revisions"}],"predecessor-version":[{"id":1730,"href":"https:\/\/www.madia.fr\/index.php?rest_route=\/wp\/v2\/pages\/1549\/revisions\/1730"}],"wp:attachment":[{"href":"https:\/\/www.madia.fr\/index.php?rest_route=%2Fwp%2Fv2%2Fmedia&parent=1549"}],"curies":[{"name":"wp","href":"https:\/\/api.w.org\/{rel}","templated":true}]}}