{"id":1709,"date":"2023-02-05T22:23:46","date_gmt":"2023-02-05T21:23:46","guid":{"rendered":"http:\/\/www.madia.fr\/?page_id=1709"},"modified":"2023-02-06T14:08:14","modified_gmt":"2023-02-06T13:08:14","slug":"concert-de-soutien-25-mars-2023","status":"publish","type":"page","link":"https:\/\/www.madia.fr\/?page_id=1709","title":{"rendered":"Concert de soutien 25 mars 2023"},"content":{"rendered":"\n<p>Chers Amis,<br><br>Vous \u00eates invit\u00e9s \u00e0 notre concert de jazz pour le soutien de nos actions \u00e0 Madagascar.<\/p>\n\n\n\n<p>Il aura lieu le samedi 25 mars 2023 de 18 heures \u00e0 20 heures, \u00e0 l\u2019\u00e9cole d\u2019ing\u00e9nieurs EPF, Campus de Cachan 55 avenue du Pr\u00e9sident Wilson &#8211; Cachan 94,  avec la pr\u00e9sence du <a rel=\"noreferrer noopener\" href=\"https:\/\/jazzissy.wordpress.com\/les-concerts\/\" target=\"_blank\">Bigband Jazzissy<\/a>.<br><\/p>\n\n\n<div class=\"wp-block-image\">\n<figure class=\"aligncenter size-full\"><a href=\"http:\/\/www.madia.fr\/wp-content\/uploads\/2023\/02\/jazzissy-li2.png\"><img loading=\"lazy\" decoding=\"async\" width=\"844\" height=\"348\" src=\"http:\/\/www.madia.fr\/wp-content\/uploads\/2023\/02\/jazzissy-li2.png\" alt=\"\" class=\"wp-image-1706\" srcset=\"https:\/\/www.madia.fr\/wp-content\/uploads\/2023\/02\/jazzissy-li2.png 844w, https:\/\/www.madia.fr\/wp-content\/uploads\/2023\/02\/jazzissy-li2-300x124.png 300w, https:\/\/www.madia.fr\/wp-content\/uploads\/2023\/02\/jazzissy-li2-768x317.png 768w\" sizes=\"auto, (max-width: 844px) 100vw, 844px\" \/><\/a><\/figure><\/div>\n\n\n<p><br>Nous avons besoin de vous.<br><br>Tous les profits seront int\u00e9gralement revers\u00e9s pour les familles que nous suivons. <br><\/p>\n\n\n\n<p><mark style=\"background-color:rgba(0, 0, 0, 0)\" class=\"has-inline-color has-luminous-vivid-orange-color\">R\u00e9servations<\/mark><br>mail : contact@madia.fr &#8211; t\u00e9l\u00e9phone 06 52 78 40 32 &#8211;  sur <mark style=\"background-color:rgba(0, 0, 0, 0)\" class=\"has-inline-color has-luminous-vivid-orange-color\"><a rel=\"noreferrer noopener\" href=\"https:\/\/www.helloasso.com\/associations\/madia\/evenements\/concert-madia-1\" target=\"_blank\">HelloAsso<\/a><\/mark><\/p>\n\n\n\n<p>Dans tous les cas, n\u2019h\u00e9sitez pas \u00e0 diffuser cette invitation.<\/p>\n\n\n\n<p><\/p>\n\n\n\n<p><a href=\"http:\/\/www.madia.fr\/wp-content\/uploads\/2023\/02\/affiche-jazzissy.pdf\"><mark style=\"background-color:rgba(0, 0, 0, 0)\" class=\"has-inline-color has-luminous-vivid-orange-color\">T\u00e9l\u00e9charger l&rsquo;affiche pour le concert<\/mark><\/a><\/p>\n","protected":false},"excerpt":{"rendered":"<p>Chers Amis, Vous \u00eates invit\u00e9s \u00e0 notre concert de jazz pour le soutien de nos actions \u00e0 Madagascar. Il aura lieu le samedi 25 mars 2023 de 18 heures \u00e0 20 heures, \u00e0 l\u2019\u00e9cole d\u2019ing\u00e9nieurs EPF, Campus de Cachan 55 avenue du Pr\u00e9sident Wilson &#8211; Cachan 94, avec la pr\u00e9sence du Bigband Jazzissy. Nous avons [&hellip;]<\/p>\n","protected":false},"author":1,"featured_media":0,"parent":0,"menu_order":0,"comment_status":"closed","ping_status":"closed","template":"","meta":{"footnotes":""},"class_list":["post-1709","page","type-page","status-publish","hentry"],"_links":{"self":[{"href":"https:\/\/www.madia.fr\/index.php?rest_route=\/wp\/v2\/pages\/1709","targetHints":{"allow":["GET"]}}],"collection":[{"href":"https:\/\/www.madia.fr\/index.php?rest_route=\/wp\/v2\/pages"}],"about":[{"href":"https:\/\/www.madia.fr\/index.php?rest_route=\/wp\/v2\/types\/page"}],"author":[{"embeddable":true,"href":"https:\/\/www.madia.fr\/index.php?rest_route=\/wp\/v2\/users\/1"}],"replies":[{"embeddable":true,"href":"https:\/\/www.madia.fr\/index.php?rest_route=%2Fwp%2Fv2%2Fcomments&post=1709"}],"version-history":[{"count":4,"href":"https:\/\/www.madia.fr\/index.php?rest_route=\/wp\/v2\/pages\/1709\/revisions"}],"predecessor-version":[{"id":1718,"href":"https:\/\/www.madia.fr\/index.php?rest_route=\/wp\/v2\/pages\/1709\/revisions\/1718"}],"wp:attachment":[{"href":"https:\/\/www.madia.fr\/index.php?rest_route=%2Fwp%2Fv2%2Fmedia&parent=1709"}],"curies":[{"name":"wp","href":"https:\/\/api.w.org\/{rel}","templated":true}]}}