{"id":1789,"date":"2023-07-27T17:26:46","date_gmt":"2023-07-27T16:26:46","guid":{"rendered":"http:\/\/www.madia.fr\/?page_id=1789"},"modified":"2025-09-16T12:50:54","modified_gmt":"2025-09-16T11:50:54","slug":"accueil","status":"publish","type":"page","link":"https:\/\/www.madia.fr\/?page_id=1789","title":{"rendered":"Accueil"},"content":{"rendered":"\n<h2 class=\"wp-block-heading\"><strong><mark style=\"background-color:rgba(0, 0, 0, 0)\" class=\"has-inline-color has-luminous-vivid-orange-color\"><em>Tonga soa<\/em> &nbsp; &nbsp;<\/mark><\/strong><\/h2>\n\n\n\n<p>Cette association a pour but de contribuer au d\u00e9veloppement de Madagascar, dans les domaines de l\u2019\u00e9ducation, de la sant\u00e9, de l\u2019accueil et de l\u2019int\u00e9gration des personnes d\u00e9munies, en particulier des familles monoparentales et des enfants isol\u00e9s. Elle s\u2019interdit toute activit\u00e9 politique ou confessionnelle.<\/p>\n\n\n\n<p class=\"has-luminous-vivid-orange-color has-text-color\"><a href=\"http:\/\/www.madia.fr\/?page_id=1870\"><\/a><\/p>\n","protected":false},"excerpt":{"rendered":"<p>Tonga soa &nbsp; &nbsp; Cette association a pour but de contribuer au d\u00e9veloppement de Madagascar, dans les domaines de l\u2019\u00e9ducation, de la sant\u00e9, de l\u2019accueil et de l\u2019int\u00e9gration des personnes d\u00e9munies, en particulier des familles monoparentales et des enfants isol\u00e9s. Elle s\u2019interdit toute activit\u00e9 politique ou confessionnelle.<\/p>\n","protected":false},"author":1,"featured_media":0,"parent":0,"menu_order":0,"comment_status":"closed","ping_status":"closed","template":"home.php","meta":{"footnotes":""},"class_list":["post-1789","page","type-page","status-publish","hentry"],"_links":{"self":[{"href":"https:\/\/www.madia.fr\/index.php?rest_route=\/wp\/v2\/pages\/1789","targetHints":{"allow":["GET"]}}],"collection":[{"href":"https:\/\/www.madia.fr\/index.php?rest_route=\/wp\/v2\/pages"}],"about":[{"href":"https:\/\/www.madia.fr\/index.php?rest_route=\/wp\/v2\/types\/page"}],"author":[{"embeddable":true,"href":"https:\/\/www.madia.fr\/index.php?rest_route=\/wp\/v2\/users\/1"}],"replies":[{"embeddable":true,"href":"https:\/\/www.madia.fr\/index.php?rest_route=%2Fwp%2Fv2%2Fcomments&post=1789"}],"version-history":[{"count":5,"href":"https:\/\/www.madia.fr\/index.php?rest_route=\/wp\/v2\/pages\/1789\/revisions"}],"predecessor-version":[{"id":2062,"href":"https:\/\/www.madia.fr\/index.php?rest_route=\/wp\/v2\/pages\/1789\/revisions\/2062"}],"wp:attachment":[{"href":"https:\/\/www.madia.fr\/index.php?rest_route=%2Fwp%2Fv2%2Fmedia&parent=1789"}],"curies":[{"name":"wp","href":"https:\/\/api.w.org\/{rel}","templated":true}]}}