{"id":1861,"date":"2023-12-14T11:33:16","date_gmt":"2023-12-14T10:33:16","guid":{"rendered":"http:\/\/www.madia.fr\/?page_id=1861"},"modified":"2023-12-14T11:33:17","modified_gmt":"2023-12-14T10:33:17","slug":"septembre-2023","status":"publish","type":"page","link":"https:\/\/www.madia.fr\/?page_id=1861","title":{"rendered":"Septembre 2023"},"content":{"rendered":"\n<p>Notre lettre d&rsquo;information n\u00b0 34 de septembre 2023 est sortie. Elle donne l&rsquo;actualit\u00e9 de l&rsquo;association.<br>N\u2019h\u00e9sitez pas \u00e0 la t\u00e9l\u00e9charger ci-dessous :<\/p>\n\n\n\n<p><a href=\"http:\/\/www.madia.fr\/wp-content\/uploads\/2023\/12\/nl34-li.pdf\">nl34<\/a> T\u00e9l\u00e9charger<\/p>\n\n\n\n<p>Vos r\u00e9actions sont les bienvenus en \u00e9crivant au <a href=\"mailto:webmaster@madia.fr\">Webmaster<\/a>.<\/p>\n","protected":false},"excerpt":{"rendered":"<p>Notre lettre d&rsquo;information n\u00b0 34 de septembre 2023 est sortie. Elle donne l&rsquo;actualit\u00e9 de l&rsquo;association.N\u2019h\u00e9sitez pas \u00e0 la t\u00e9l\u00e9charger ci-dessous : nl34 T\u00e9l\u00e9charger Vos r\u00e9actions sont les bienvenus en \u00e9crivant au Webmaster.<\/p>\n","protected":false},"author":1,"featured_media":0,"parent":0,"menu_order":0,"comment_status":"closed","ping_status":"closed","template":"","meta":{"footnotes":""},"class_list":["post-1861","page","type-page","status-publish","hentry"],"_links":{"self":[{"href":"https:\/\/www.madia.fr\/index.php?rest_route=\/wp\/v2\/pages\/1861","targetHints":{"allow":["GET"]}}],"collection":[{"href":"https:\/\/www.madia.fr\/index.php?rest_route=\/wp\/v2\/pages"}],"about":[{"href":"https:\/\/www.madia.fr\/index.php?rest_route=\/wp\/v2\/types\/page"}],"author":[{"embeddable":true,"href":"https:\/\/www.madia.fr\/index.php?rest_route=\/wp\/v2\/users\/1"}],"replies":[{"embeddable":true,"href":"https:\/\/www.madia.fr\/index.php?rest_route=%2Fwp%2Fv2%2Fcomments&post=1861"}],"version-history":[{"count":1,"href":"https:\/\/www.madia.fr\/index.php?rest_route=\/wp\/v2\/pages\/1861\/revisions"}],"predecessor-version":[{"id":1864,"href":"https:\/\/www.madia.fr\/index.php?rest_route=\/wp\/v2\/pages\/1861\/revisions\/1864"}],"wp:attachment":[{"href":"https:\/\/www.madia.fr\/index.php?rest_route=%2Fwp%2Fv2%2Fmedia&parent=1861"}],"curies":[{"name":"wp","href":"https:\/\/api.w.org\/{rel}","templated":true}]}}