{"id":1870,"date":"2023-12-14T12:18:49","date_gmt":"2023-12-14T11:18:49","guid":{"rendered":"http:\/\/www.madia.fr\/?page_id=1870"},"modified":"2024-08-24T16:34:58","modified_gmt":"2024-08-24T15:34:58","slug":"concert-de-soutien-10-fevrier-2024","status":"publish","type":"page","link":"https:\/\/www.madia.fr\/?page_id=1870","title":{"rendered":"Concert de soutien 10 f\u00e9vrier 2024"},"content":{"rendered":"\n<p>Le pianiste de renomm\u00e9e internationale Nicolas Stavy a donn\u00e9 avec passion et talent un programme sp\u00e9cialement pr\u00e9par\u00e9 pour notre association .<\/p>\n\n\n\n<p>Nous \u00e9tions dans le bel \u00e9crin du Th\u00e9\u00e2tre Jacques Carat \u00e0 Cachan.<\/p>\n\n\n\n<p>Ne boudons pas notre joie ! Le concert de soutien a \u00e9t\u00e9 un v\u00e9ritable succ\u00e8s. L\u2019artiste bien<br>s\u00fbr a donn\u00e9 un r\u00e9cital de musique romantique avec grand talent et en se montrant tr\u00e8s p\u00e9dagogue.<\/p>\n\n\n\n<p>Et les b\u00e9n\u00e9voles toujours tr\u00e8s nombreux ont permis une soir\u00e9e sans faute et l\u2019accueil de 270 spectateurs. Merci..<\/p>\n\n\n\n<figure class=\"wp-block-image size-large\"><a href=\"http:\/\/www.madia.fr\/wp-content\/uploads\/2024\/08\/P1070806.jpeg\"><img loading=\"lazy\" decoding=\"async\" width=\"1024\" height=\"575\" src=\"http:\/\/www.madia.fr\/wp-content\/uploads\/2024\/08\/P1070806-1024x575.jpeg\" alt=\"\" class=\"wp-image-1927\" srcset=\"https:\/\/www.madia.fr\/wp-content\/uploads\/2024\/08\/P1070806-1024x575.jpeg 1024w, https:\/\/www.madia.fr\/wp-content\/uploads\/2024\/08\/P1070806-300x168.jpeg 300w, https:\/\/www.madia.fr\/wp-content\/uploads\/2024\/08\/P1070806-768x431.jpeg 768w, https:\/\/www.madia.fr\/wp-content\/uploads\/2024\/08\/P1070806.jpeg 1063w\" sizes=\"auto, (max-width: 1024px) 100vw, 1024px\" \/><\/a><figcaption class=\"wp-element-caption\">Nicolas Stavy durant la r\u00e9p\u00e9tition a autoris\u00e9 des pianistes en conservatoire \u00e0 assister ! Quelle gentille attention !<\/figcaption><\/figure>\n\n\n\n<p><\/p>\n\n\n\n<p><\/p>\n\n\n\n<p><\/p>\n","protected":false},"excerpt":{"rendered":"<p>Le pianiste de renomm\u00e9e internationale Nicolas Stavy a donn\u00e9 avec passion et talent un programme sp\u00e9cialement pr\u00e9par\u00e9 pour notre association . Nous \u00e9tions dans le bel \u00e9crin du Th\u00e9\u00e2tre Jacques Carat \u00e0 Cachan. Ne boudons pas notre joie ! Le concert de soutien a \u00e9t\u00e9 un v\u00e9ritable succ\u00e8s. L\u2019artiste biens\u00fbr a donn\u00e9 un r\u00e9cital de [&hellip;]<\/p>\n","protected":false},"author":1,"featured_media":0,"parent":0,"menu_order":0,"comment_status":"closed","ping_status":"closed","template":"","meta":{"footnotes":""},"class_list":["post-1870","page","type-page","status-publish","hentry"],"_links":{"self":[{"href":"https:\/\/www.madia.fr\/index.php?rest_route=\/wp\/v2\/pages\/1870","targetHints":{"allow":["GET"]}}],"collection":[{"href":"https:\/\/www.madia.fr\/index.php?rest_route=\/wp\/v2\/pages"}],"about":[{"href":"https:\/\/www.madia.fr\/index.php?rest_route=\/wp\/v2\/types\/page"}],"author":[{"embeddable":true,"href":"https:\/\/www.madia.fr\/index.php?rest_route=\/wp\/v2\/users\/1"}],"replies":[{"embeddable":true,"href":"https:\/\/www.madia.fr\/index.php?rest_route=%2Fwp%2Fv2%2Fcomments&post=1870"}],"version-history":[{"count":9,"href":"https:\/\/www.madia.fr\/index.php?rest_route=\/wp\/v2\/pages\/1870\/revisions"}],"predecessor-version":[{"id":1933,"href":"https:\/\/www.madia.fr\/index.php?rest_route=\/wp\/v2\/pages\/1870\/revisions\/1933"}],"wp:attachment":[{"href":"https:\/\/www.madia.fr\/index.php?rest_route=%2Fwp%2Fv2%2Fmedia&parent=1870"}],"curies":[{"name":"wp","href":"https:\/\/api.w.org\/{rel}","templated":true}]}}