{"id":1945,"date":"2025-03-10T15:47:04","date_gmt":"2025-03-10T14:47:04","guid":{"rendered":"https:\/\/www.madia.fr\/?page_id=1945"},"modified":"2025-07-04T10:56:50","modified_gmt":"2025-07-04T09:56:50","slug":"concert-de-soutien-29-mars-2025","status":"publish","type":"page","link":"https:\/\/www.madia.fr\/?page_id=1945","title":{"rendered":"Concert de soutien 29 mars 2025"},"content":{"rendered":"\n<h3 class=\"wp-block-heading\"><\/h3>\n\n\n\n<p>Le grand concert annuel de Madia a eu lieu le samedi 29 mars 2025. <br>Ainsi, MADiA a f\u00eat\u00e9 en musique ses 10 ans !<\/p>\n\n\n\n<p>Dans le th\u00e9\u00e2tre Jacques Carat de Cachan, deux grands artistes, Talike Gell\u00e9 et Justin Vali ont offert un superbe concert de musiques Malgache. Nous les avions d\u00e9j\u00e0 re\u00e7us s\u00e9par\u00e9ment en 2017 et 2022.<br>Une excellente restauration Malgache et la vente d&rsquo;artisanat compl\u00e9taient cette soir\u00e9e. <\/p>\n\n\n<div class=\"wp-block-image\">\n<figure class=\"aligncenter size-full is-resized\"><a href=\"https:\/\/www.madia.fr\/wp-content\/uploads\/2025\/07\/F1E291CE-6125-42FB-8A1A-168C93BB0E58_1_105_c.jpeg\"><img loading=\"lazy\" decoding=\"async\" src=\"https:\/\/www.madia.fr\/wp-content\/uploads\/2025\/07\/F1E291CE-6125-42FB-8A1A-168C93BB0E58_1_105_c.jpeg\" alt=\"\" class=\"wp-image-2018\" width=\"768\" height=\"576\" srcset=\"https:\/\/www.madia.fr\/wp-content\/uploads\/2025\/07\/F1E291CE-6125-42FB-8A1A-168C93BB0E58_1_105_c.jpeg 1024w, https:\/\/www.madia.fr\/wp-content\/uploads\/2025\/07\/F1E291CE-6125-42FB-8A1A-168C93BB0E58_1_105_c-300x225.jpeg 300w, https:\/\/www.madia.fr\/wp-content\/uploads\/2025\/07\/F1E291CE-6125-42FB-8A1A-168C93BB0E58_1_105_c-768x576.jpeg 768w\" sizes=\"auto, (max-width: 768px) 100vw, 768px\" \/><\/a><figcaption class=\"wp-element-caption\">Pas moins de 37 b\u00e9n\u00e9voles ont contribu\u00e9 au succ\u00e8s de la soir\u00e9e ! Briefing avant l&rsquo;arriv\u00e9e des spectateurs<\/figcaption><\/figure><\/div>\n\n\n<p><\/p>\n\n\n\n<p><\/p>\n","protected":false},"excerpt":{"rendered":"<p>Le grand concert annuel de Madia a eu lieu le samedi 29 mars 2025. Ainsi, MADiA a f\u00eat\u00e9 en musique ses 10 ans ! Dans le th\u00e9\u00e2tre Jacques Carat de Cachan, deux grands artistes, Talike Gell\u00e9 et Justin Vali ont offert un superbe concert de musiques Malgache. Nous les avions d\u00e9j\u00e0 re\u00e7us s\u00e9par\u00e9ment en 2017 [&hellip;]<\/p>\n","protected":false},"author":1,"featured_media":0,"parent":0,"menu_order":0,"comment_status":"closed","ping_status":"closed","template":"","meta":{"footnotes":""},"class_list":["post-1945","page","type-page","status-publish","hentry"],"_links":{"self":[{"href":"https:\/\/www.madia.fr\/index.php?rest_route=\/wp\/v2\/pages\/1945","targetHints":{"allow":["GET"]}}],"collection":[{"href":"https:\/\/www.madia.fr\/index.php?rest_route=\/wp\/v2\/pages"}],"about":[{"href":"https:\/\/www.madia.fr\/index.php?rest_route=\/wp\/v2\/types\/page"}],"author":[{"embeddable":true,"href":"https:\/\/www.madia.fr\/index.php?rest_route=\/wp\/v2\/users\/1"}],"replies":[{"embeddable":true,"href":"https:\/\/www.madia.fr\/index.php?rest_route=%2Fwp%2Fv2%2Fcomments&post=1945"}],"version-history":[{"count":11,"href":"https:\/\/www.madia.fr\/index.php?rest_route=\/wp\/v2\/pages\/1945\/revisions"}],"predecessor-version":[{"id":2019,"href":"https:\/\/www.madia.fr\/index.php?rest_route=\/wp\/v2\/pages\/1945\/revisions\/2019"}],"wp:attachment":[{"href":"https:\/\/www.madia.fr\/index.php?rest_route=%2Fwp%2Fv2%2Fmedia&parent=1945"}],"curies":[{"name":"wp","href":"https:\/\/api.w.org\/{rel}","templated":true}]}}