{"id":1989,"date":"2025-03-12T21:31:36","date_gmt":"2025-03-12T20:31:36","guid":{"rendered":"https:\/\/www.madia.fr\/?page_id=1989"},"modified":"2025-03-12T21:31:36","modified_gmt":"2025-03-12T20:31:36","slug":"salle-polyvalente-a-antsirabe","status":"publish","type":"page","link":"https:\/\/www.madia.fr\/?page_id=1989","title":{"rendered":"Salle polyvalente \u00e0 Antsirabe"},"content":{"rendered":"\n<p>1Projet salle polyvalente<\/p>\n\n\n\n<p>Le projet a pour but de soutenir l\u2019\u00e9ducation des enfants et cultiver la cr\u00e9ativit\u00e9 des m\u00e8res par le biais d\u2019une cantine scolaire et des s\u00e9ances de formation.<\/p>\n\n\n\n<p>Voir notre l<a href=\"https:\/\/www.madia.fr\/?page_id=1971(ouvre un nouvel onglet)\" data-type=\"URL\" data-id=\"https:\/\/www.madia.fr\/?page_id=1971(ouvre un nouvel onglet)\">ettre d&rsquo;information n\u00b0 38 <\/a>consacr\u00e9e au projet<\/p>\n","protected":false},"excerpt":{"rendered":"<p>1Projet salle polyvalente Le projet a pour but de soutenir l\u2019\u00e9ducation des enfants et cultiver la cr\u00e9ativit\u00e9 des m\u00e8res par le biais d\u2019une cantine scolaire et des s\u00e9ances de formation. Voir notre lettre d&rsquo;information n\u00b0 38 consacr\u00e9e au projet<\/p>\n","protected":false},"author":1,"featured_media":0,"parent":0,"menu_order":0,"comment_status":"closed","ping_status":"closed","template":"","meta":{"footnotes":""},"class_list":["post-1989","page","type-page","status-publish","hentry"],"_links":{"self":[{"href":"https:\/\/www.madia.fr\/index.php?rest_route=\/wp\/v2\/pages\/1989","targetHints":{"allow":["GET"]}}],"collection":[{"href":"https:\/\/www.madia.fr\/index.php?rest_route=\/wp\/v2\/pages"}],"about":[{"href":"https:\/\/www.madia.fr\/index.php?rest_route=\/wp\/v2\/types\/page"}],"author":[{"embeddable":true,"href":"https:\/\/www.madia.fr\/index.php?rest_route=\/wp\/v2\/users\/1"}],"replies":[{"embeddable":true,"href":"https:\/\/www.madia.fr\/index.php?rest_route=%2Fwp%2Fv2%2Fcomments&post=1989"}],"version-history":[{"count":1,"href":"https:\/\/www.madia.fr\/index.php?rest_route=\/wp\/v2\/pages\/1989\/revisions"}],"predecessor-version":[{"id":1990,"href":"https:\/\/www.madia.fr\/index.php?rest_route=\/wp\/v2\/pages\/1989\/revisions\/1990"}],"wp:attachment":[{"href":"https:\/\/www.madia.fr\/index.php?rest_route=%2Fwp%2Fv2%2Fmedia&parent=1989"}],"curies":[{"name":"wp","href":"https:\/\/api.w.org\/{rel}","templated":true}]}}