{"id":2,"date":"2015-03-03T16:11:07","date_gmt":"2015-03-03T16:11:07","guid":{"rendered":"http:\/\/www.madia.fr\/?page_id=2"},"modified":"2015-10-19T16:53:57","modified_gmt":"2015-10-19T15:53:57","slug":"page-d-exemple","status":"publish","type":"page","link":"https:\/\/www.madia.fr\/?page_id=2","title":{"rendered":"A propos de l&rsquo;association"},"content":{"rendered":"<p>Cette association a pour but de contribuer au d\u00e9veloppement de Madagascar, dans les domaines de l\u2019\u00e9ducation, de la sant\u00e9, de l\u2019accueil et de l\u2019int\u00e9gration des personnes d\u00e9munies, en particulier des familles monoparentales et des enfants isol\u00e9s. Elle s&rsquo;interdit toute activit\u00e9 politique ou confessionnelle.<\/p>\n<p>&nbsp;<\/p>\n<p class=\"p1\">Son nom est <span style=\"color: #ff6600;\">MADiA<\/span>.\u00a0Cela \u00e9voque bien s\u00fbr <span style=\"color: #ff6600;\">MADA<\/span> comme Madagascar (les 4\u00a0 lettres en capitales).\u00a0Le<span style=\"color: #ff6600;\"> i<\/span> permet de lire \u00e9galement\u00a0<em>dia<\/em> qui d\u00e9signe un pas, une empreinte et aussi l&rsquo;adjectif sauvage. Parcourons ensemble un bout de chemin pour les autres.<\/p>\n<p class=\"p1\">La couleur rouge orang\u00e9e \u00e9voque\u00a0celle de la <em>lat\u00e9rite<\/em>, cette roche tr\u00e8s typique de la Grande-\u00cele.<\/p>\n","protected":false},"excerpt":{"rendered":"<p>Cette association a pour but de contribuer au d\u00e9veloppement de Madagascar, dans les domaines de l\u2019\u00e9ducation, de la sant\u00e9, de l\u2019accueil et de l\u2019int\u00e9gration des personnes d\u00e9munies, en particulier des familles monoparentales et des enfants isol\u00e9s. Elle s&rsquo;interdit toute activit\u00e9 politique ou confessionnelle. &nbsp; Son nom est MADiA.\u00a0Cela \u00e9voque bien s\u00fbr MADA comme Madagascar (les [&hellip;]<\/p>\n","protected":false},"author":1,"featured_media":0,"parent":0,"menu_order":0,"comment_status":"closed","ping_status":"open","template":"page_madia.php","meta":{"footnotes":""},"class_list":["post-2","page","type-page","status-publish","hentry"],"_links":{"self":[{"href":"https:\/\/www.madia.fr\/index.php?rest_route=\/wp\/v2\/pages\/2","targetHints":{"allow":["GET"]}}],"collection":[{"href":"https:\/\/www.madia.fr\/index.php?rest_route=\/wp\/v2\/pages"}],"about":[{"href":"https:\/\/www.madia.fr\/index.php?rest_route=\/wp\/v2\/types\/page"}],"author":[{"embeddable":true,"href":"https:\/\/www.madia.fr\/index.php?rest_route=\/wp\/v2\/users\/1"}],"replies":[{"embeddable":true,"href":"https:\/\/www.madia.fr\/index.php?rest_route=%2Fwp%2Fv2%2Fcomments&post=2"}],"version-history":[{"count":6,"href":"https:\/\/www.madia.fr\/index.php?rest_route=\/wp\/v2\/pages\/2\/revisions"}],"predecessor-version":[{"id":123,"href":"https:\/\/www.madia.fr\/index.php?rest_route=\/wp\/v2\/pages\/2\/revisions\/123"}],"wp:attachment":[{"href":"https:\/\/www.madia.fr\/index.php?rest_route=%2Fwp%2Fv2%2Fmedia&parent=2"}],"curies":[{"name":"wp","href":"https:\/\/api.w.org\/{rel}","templated":true}]}}