{"id":2021,"date":"2025-09-08T20:18:32","date_gmt":"2025-09-08T19:18:32","guid":{"rendered":"https:\/\/www.madia.fr\/?page_id=2021"},"modified":"2025-09-16T13:10:56","modified_gmt":"2025-09-16T12:10:56","slug":"inauguration-dune-salle-polyvalente","status":"publish","type":"page","link":"https:\/\/www.madia.fr\/?page_id=2021","title":{"rendered":"Inauguration d&rsquo;une salle polyvalente"},"content":{"rendered":"\n<p>Le b\u00e2timent \u00e0 Antsirabe, une grande salle polyvalente, achev\u00e9 d\u00e9but 2025 a \u00e9t\u00e9 inaugur\u00e9 \u00e0 l\u2019occasion de notre venue \u00e0 la mission de septembre 2025. Rien de vraiment protocolaire au programme ; des nombreuses familles b\u00e9n\u00e9ficiaires pr\u00e9sentes avec les enfants assistaient. La confection de savons, comme une mayonnaise, r\u00e9alis\u00e9e en direct a impressionn\u00e9.<\/p>\n\n\n\n<p>Une vid\u00e9o de 4 minutes est visible <a href=\"https:\/\/youtu.be\/112RLDYxLgo\">ici<\/a><\/p>\n\n\n\n<figure class=\"wp-block-image size-large is-style-default\"><img decoding=\"async\" src=\"http:\/\/www.madia.fr\/wp-content\/uploads\/2025\/09\/inauguration.jpeg\" alt=\"\"\/><\/figure>\n","protected":false},"excerpt":{"rendered":"<p>Le b\u00e2timent \u00e0 Antsirabe, une grande salle polyvalente, achev\u00e9 d\u00e9but 2025 a \u00e9t\u00e9 inaugur\u00e9 \u00e0 l\u2019occasion de notre venue \u00e0 la mission de septembre 2025. Rien de vraiment protocolaire au programme ; des nombreuses familles b\u00e9n\u00e9ficiaires pr\u00e9sentes avec les enfants assistaient. La confection de savons, comme une mayonnaise, r\u00e9alis\u00e9e en direct a impressionn\u00e9. Une vid\u00e9o [&hellip;]<\/p>\n","protected":false},"author":1,"featured_media":0,"parent":0,"menu_order":0,"comment_status":"closed","ping_status":"closed","template":"","meta":{"footnotes":""},"class_list":["post-2021","page","type-page","status-publish","hentry"],"_links":{"self":[{"href":"https:\/\/www.madia.fr\/index.php?rest_route=\/wp\/v2\/pages\/2021","targetHints":{"allow":["GET"]}}],"collection":[{"href":"https:\/\/www.madia.fr\/index.php?rest_route=\/wp\/v2\/pages"}],"about":[{"href":"https:\/\/www.madia.fr\/index.php?rest_route=\/wp\/v2\/types\/page"}],"author":[{"embeddable":true,"href":"https:\/\/www.madia.fr\/index.php?rest_route=\/wp\/v2\/users\/1"}],"replies":[{"embeddable":true,"href":"https:\/\/www.madia.fr\/index.php?rest_route=%2Fwp%2Fv2%2Fcomments&post=2021"}],"version-history":[{"count":6,"href":"https:\/\/www.madia.fr\/index.php?rest_route=\/wp\/v2\/pages\/2021\/revisions"}],"predecessor-version":[{"id":2069,"href":"https:\/\/www.madia.fr\/index.php?rest_route=\/wp\/v2\/pages\/2021\/revisions\/2069"}],"wp:attachment":[{"href":"https:\/\/www.madia.fr\/index.php?rest_route=%2Fwp%2Fv2%2Fmedia&parent=2021"}],"curies":[{"name":"wp","href":"https:\/\/api.w.org\/{rel}","templated":true}]}}