{"id":308,"date":"2016-04-21T15:34:45","date_gmt":"2016-04-21T14:34:45","guid":{"rendered":"http:\/\/www.madia.fr\/?page_id=308"},"modified":"2017-01-25T22:10:56","modified_gmt":"2017-01-25T21:10:56","slug":"projet-2016","status":"publish","type":"page","link":"https:\/\/www.madia.fr\/?page_id=308","title":{"rendered":"Projet 2016"},"content":{"rendered":"<p>Pour 2016, le choix d&rsquo;un investissement concret a \u00e9t\u00e9 souhait\u00e9 par les adh\u00e9rents.<\/p>\n<p>Apr\u00e8s plusieurs \u00e9tudes, nous avons opt\u00e9 pour la\u00a0construction d\u2019un point d\u2019accueil.<\/p>\n<p><strong>Objectif<\/strong> : accompagner 20 jeunes d\u00e9scolaris\u00e9s par promo sur 3 ans<\/p>\n<p><strong>B\u00e9n\u00e9ficiaires<\/strong> : 11-13 ans, d\u00e9favoris\u00e9s, \u00e0 la rue, en rupture familiale<\/p>\n<p><strong>Contexte<\/strong>\u00a0:\u00a0le foyer actuel de l&rsquo;AIC (Foyer Sainte Louise) ne suffit pas. Une extension de\u00a02 salles de 35 m<sup>2<\/sup> chacune est projet\u00e9e avec une construction en dur aux normes.<\/p>\n<p><strong>Forme<\/strong> : subvention<\/p>\n<p><strong>Budget<\/strong> : 15 000 \u20ac\u00a0pour cette construction de l&rsquo;extension du Foyer<\/p>\n<p><a href=\"http:\/\/www.madia.fr\/?attachment_id=336\" rel=\"attachment wp-att-336\"><img loading=\"lazy\" decoding=\"async\" class=\"aligncenter wp-image-336\" src=\"http:\/\/www.madia.fr\/wp-content\/uploads\/2016\/04\/facade-laterale.png\" alt=\"facade laterale\" width=\"299\" height=\"228\" srcset=\"https:\/\/www.madia.fr\/wp-content\/uploads\/2016\/04\/facade-laterale.png 752w, https:\/\/www.madia.fr\/wp-content\/uploads\/2016\/04\/facade-laterale-300x229.png 300w\" sizes=\"auto, (max-width: 299px) 100vw, 299px\" \/><\/a><\/p>\n<p><strong>Calendrier<\/strong>\u00a0: de septembre \u00e0 d\u00e9cembre 2016, soit 4 mois<\/p>\n<p>La construction\u00a0est termin\u00e9e.<\/p>\n<p>Pour en savoir plus :<a title=\"Lien AIC\" href=\"http:\/\/www.aic-madagascar.org\/humanitarian\/index.php?id=Madamain_fr.html\" target=\"_blank\">\u00a0<\/a><a title=\"AIC\" href=\"http:\/\/www.aic-madagascar.org\/humanitarian\/index.php?id=Madamain_fr.html\" target=\"_blank\">Association AIC \u00e0 Fianarantsoa<\/a><\/p>\n","protected":false},"excerpt":{"rendered":"<p>Pour 2016, le choix d&rsquo;un investissement concret a \u00e9t\u00e9 souhait\u00e9 par les adh\u00e9rents. Apr\u00e8s plusieurs \u00e9tudes, nous avons opt\u00e9 pour la\u00a0construction d\u2019un point d\u2019accueil. Objectif : accompagner 20 jeunes d\u00e9scolaris\u00e9s par promo sur 3 ans B\u00e9n\u00e9ficiaires : 11-13 ans, d\u00e9favoris\u00e9s, \u00e0 la rue, en rupture familiale Contexte\u00a0:\u00a0le foyer actuel de l&rsquo;AIC (Foyer Sainte Louise) ne [&hellip;]<\/p>\n","protected":false},"author":1,"featured_media":0,"parent":0,"menu_order":0,"comment_status":"closed","ping_status":"closed","template":"","meta":{"footnotes":""},"class_list":["post-308","page","type-page","status-publish","hentry"],"_links":{"self":[{"href":"https:\/\/www.madia.fr\/index.php?rest_route=\/wp\/v2\/pages\/308","targetHints":{"allow":["GET"]}}],"collection":[{"href":"https:\/\/www.madia.fr\/index.php?rest_route=\/wp\/v2\/pages"}],"about":[{"href":"https:\/\/www.madia.fr\/index.php?rest_route=\/wp\/v2\/types\/page"}],"author":[{"embeddable":true,"href":"https:\/\/www.madia.fr\/index.php?rest_route=\/wp\/v2\/users\/1"}],"replies":[{"embeddable":true,"href":"https:\/\/www.madia.fr\/index.php?rest_route=%2Fwp%2Fv2%2Fcomments&post=308"}],"version-history":[{"count":11,"href":"https:\/\/www.madia.fr\/index.php?rest_route=\/wp\/v2\/pages\/308\/revisions"}],"predecessor-version":[{"id":435,"href":"https:\/\/www.madia.fr\/index.php?rest_route=\/wp\/v2\/pages\/308\/revisions\/435"}],"wp:attachment":[{"href":"https:\/\/www.madia.fr\/index.php?rest_route=%2Fwp%2Fv2%2Fmedia&parent=308"}],"curies":[{"name":"wp","href":"https:\/\/api.w.org\/{rel}","templated":true}]}}