{"id":320,"date":"2016-04-21T15:53:35","date_gmt":"2016-04-21T14:53:35","guid":{"rendered":"http:\/\/www.madia.fr\/?page_id=320"},"modified":"2025-03-12T21:11:02","modified_gmt":"2025-03-12T20:11:02","slug":"nos-projets","status":"publish","type":"page","link":"https:\/\/www.madia.fr\/?page_id=320","title":{"rendered":"Nos projets"},"content":{"rendered":"<p>D\u00e8s notre ann\u00e9e de cr\u00e9ation en 2015, nous avons men\u00e9 le projet de soutien d&rsquo;une cantine au Foyer Sainte Louise \u00e0 Fianarantsoa.<\/p>\n<p>Petit \u00e0 petit, une Ecole de la Seconde Chance a \u00e9t\u00e9 cr\u00e9\u00e9e.<\/p>\n<p>Et depuis 2023, c&rsquo;est aussi dans la ville de Antsirabe que nous travaillons.<\/p>\n<p>Cette rubrique fait le point, ann\u00e9e par ann\u00e9e, des actions et projets d&rsquo;investissement men\u00e9s.<\/p>\n","protected":false},"excerpt":{"rendered":"<p>D\u00e8s notre ann\u00e9e de cr\u00e9ation en 2015, nous avons men\u00e9 le projet de soutien d&rsquo;une cantine au Foyer Sainte Louise \u00e0 Fianarantsoa. Petit \u00e0 petit, une Ecole de la Seconde Chance a \u00e9t\u00e9 cr\u00e9\u00e9e. Et depuis 2023, c&rsquo;est aussi dans la ville de Antsirabe que nous travaillons. Cette rubrique fait le point, ann\u00e9e par ann\u00e9e, [&hellip;]<\/p>\n","protected":false},"author":1,"featured_media":0,"parent":0,"menu_order":0,"comment_status":"closed","ping_status":"closed","template":"","meta":{"footnotes":""},"class_list":["post-320","page","type-page","status-publish","hentry"],"_links":{"self":[{"href":"https:\/\/www.madia.fr\/index.php?rest_route=\/wp\/v2\/pages\/320","targetHints":{"allow":["GET"]}}],"collection":[{"href":"https:\/\/www.madia.fr\/index.php?rest_route=\/wp\/v2\/pages"}],"about":[{"href":"https:\/\/www.madia.fr\/index.php?rest_route=\/wp\/v2\/types\/page"}],"author":[{"embeddable":true,"href":"https:\/\/www.madia.fr\/index.php?rest_route=\/wp\/v2\/users\/1"}],"replies":[{"embeddable":true,"href":"https:\/\/www.madia.fr\/index.php?rest_route=%2Fwp%2Fv2%2Fcomments&post=320"}],"version-history":[{"count":3,"href":"https:\/\/www.madia.fr\/index.php?rest_route=\/wp\/v2\/pages\/320\/revisions"}],"predecessor-version":[{"id":1983,"href":"https:\/\/www.madia.fr\/index.php?rest_route=\/wp\/v2\/pages\/320\/revisions\/1983"}],"wp:attachment":[{"href":"https:\/\/www.madia.fr\/index.php?rest_route=%2Fwp%2Fv2%2Fmedia&parent=320"}],"curies":[{"name":"wp","href":"https:\/\/api.w.org\/{rel}","templated":true}]}}