{"id":579,"date":"2017-11-24T06:06:29","date_gmt":"2017-11-24T05:06:29","guid":{"rendered":"http:\/\/www.madia.fr\/?page_id=579"},"modified":"2017-11-27T13:57:56","modified_gmt":"2017-11-27T12:57:56","slug":"supplement-a-la-lettre-dinformation-n8","status":"publish","type":"page","link":"https:\/\/www.madia.fr\/?page_id=579","title":{"rendered":"Suppl\u00e9ment \u00e0 la lettre d&rsquo;information 8"},"content":{"rendered":"<p><em>Le chagrin est comme le riz dans le grenier: chaque jour il diminue un peu.\u00a0<\/em>Proverbe malgache<\/p>\n<p>C&rsquo;est avec une grande joie que nous voyons notre centre de rescolarisation devenir une r\u00e9alit\u00e9. La route est longue, devant nous s\u00fbrement, mais autant que derri\u00e8re nous d\u00e9j\u00e0. A tel point que nous avons souhait\u00e9 \u00e9crire cet article en compl\u00e9ment de <a href=\"http:\/\/www.madia.fr\/?page_id=557\">notre lettre d&rsquo;information habituelle<\/a>.<\/p>\n<p><span style=\"color: #ff6600;\"><strong>De la constance dans notre engagement<\/strong><\/span><\/p>\n<p>Du soutien \u00e0 la demi-pension en 2015, \u00e0 la construction d&rsquo;un foyer en 2016 et \u00e0 la r\u00e9alisation d&rsquo;un projet p\u00e9dagogique en 2017, l&rsquo;association MADiA est rest\u00e9e fid\u00e8le \u00e0 son engagement : un chemin en commun. Ce chemin, c&rsquo;est le lien qui s&rsquo;intensifie avec notre partenaire historique : l&rsquo;Association Internationale des Charit\u00e9s \u00e0 Fianarantsoa (AIC). Fid\u00e8les \u00e0 notre mouvement initial, nous cr\u00e9ons des ponts toujours plus concrets entres les bonnes volont\u00e9s malgacho-fran\u00e7aises et ceux qui en ont besoin. En ce moment m\u00eame, nous multiplions les rencontres avec les jeunes de 13 \u00e0 17 ans auxquels nous allons proposer une nouvelle scolarit\u00e9. Rentr\u00e9e pr\u00e9vue le 8 janvier 2018.<\/p>\n<p><span style=\"color: #ff6600;\"><strong>De la rigueur dans nos choix<\/strong><\/span><\/p>\n<p><em>Fo ou pr\u00e9vw\u00e8 pou ou ni, bonne gestion est m\u00e8re de richesse,\u00a0<\/em>Proverbe guadeloup\u00e9en<\/p>\n<p>Nous sommes conscients de l&rsquo;importance du recrutement du personnel p\u00e9dagogique pour la r\u00e9ussite de l\u2019\u00c9cole de la Seconde Chance.<\/p>\n<p>Avec 44 candidatures re\u00e7ues, des annonces en ligne et dans les journaux et 6 partenaires institutionnels et associatifs, c&rsquo;est avec rigueur que nous avons recrut\u00e9 Louis, l&rsquo;\u00e9ducateur sp\u00e9cialis\u00e9 charg\u00e9 d&rsquo;encadrer la nouvelle scolarit\u00e9 que nous pouvons proposer gr\u00e2ce \u00e0 vous.<\/p>\n<p>De m\u00eame, nous avons mis en place un syst\u00e8me remont\u00e9e des d\u00e9penses au service du projet entre les \u00e9quipes de terrain \u00e0 Fianarantsoa, la gestion de projet \u00e0 Antananarivo et le bureau de l&rsquo;association \u00e0 Cachan. Ainsi, nous assurons \u00e0 nos adh\u00e9rents transparence et efficacit\u00e9 dans notre action.<\/p>\n<p>Les fardeaux de ceux que nous soutenons sont nombreux : n&rsquo;ayons pas peur d&rsquo;encore les soulager de quelques uns !<\/p>\n<p>&nbsp;<\/p>\n<p>N&rsquo;h\u00e9sitez pas \u00e0 prendre contact avec nous \u00e0 l&rsquo;adresse<a href=\"mailto:info@madia.fr\"> info@madia.fr<\/a><\/p>\n<p><strong><span style=\"color: #ff6600;\">Merci \u00e0 vous\u00a0 !<\/span><\/strong><\/p>\n<div id=\"attachment_583\" style=\"width: 525px\" class=\"wp-caption aligncenter\"><a href=\"http:\/\/www.madia.fr\/wp-content\/uploads\/2017\/11\/IMG_4281.jpg\"><img loading=\"lazy\" decoding=\"async\" aria-describedby=\"caption-attachment-583\" class=\"wp-image-583\" src=\"http:\/\/www.madia.fr\/wp-content\/uploads\/2017\/11\/IMG_4281-1024x768.jpg\" alt=\"\" width=\"515\" height=\"386\" srcset=\"https:\/\/www.madia.fr\/wp-content\/uploads\/2017\/11\/IMG_4281-1024x768.jpg 1024w, https:\/\/www.madia.fr\/wp-content\/uploads\/2017\/11\/IMG_4281-300x225.jpg 300w, https:\/\/www.madia.fr\/wp-content\/uploads\/2017\/11\/IMG_4281-768x576.jpg 768w\" sizes=\"auto, (max-width: 515px) 100vw, 515px\" \/><\/a><p id=\"caption-attachment-583\" class=\"wp-caption-text\"><em>Nos \u00e9quipes en visite au domicile d&rsquo;une de nos \u00e9l\u00e8ves en rescolarisation<\/em><\/p><\/div>\n<p>&nbsp;<\/p>\n<p>Xavier MAURICE, chef de projet b\u00e9n\u00e9vole \u00e0 Antananarivo<\/p>\n","protected":false},"excerpt":{"rendered":"<p>Le chagrin est comme le riz dans le grenier: chaque jour il diminue un peu.\u00a0Proverbe malgache C&rsquo;est avec une grande joie que nous voyons notre centre de rescolarisation devenir une r\u00e9alit\u00e9. La route est longue, devant nous s\u00fbrement, mais autant que derri\u00e8re nous d\u00e9j\u00e0. A tel point que nous avons souhait\u00e9 \u00e9crire cet article en [&hellip;]<\/p>\n","protected":false},"author":4,"featured_media":583,"parent":0,"menu_order":1,"comment_status":"closed","ping_status":"closed","template":"","meta":{"footnotes":""},"class_list":["post-579","page","type-page","status-publish","has-post-thumbnail","hentry"],"_links":{"self":[{"href":"https:\/\/www.madia.fr\/index.php?rest_route=\/wp\/v2\/pages\/579","targetHints":{"allow":["GET"]}}],"collection":[{"href":"https:\/\/www.madia.fr\/index.php?rest_route=\/wp\/v2\/pages"}],"about":[{"href":"https:\/\/www.madia.fr\/index.php?rest_route=\/wp\/v2\/types\/page"}],"author":[{"embeddable":true,"href":"https:\/\/www.madia.fr\/index.php?rest_route=\/wp\/v2\/users\/4"}],"replies":[{"embeddable":true,"href":"https:\/\/www.madia.fr\/index.php?rest_route=%2Fwp%2Fv2%2Fcomments&post=579"}],"version-history":[{"count":11,"href":"https:\/\/www.madia.fr\/index.php?rest_route=\/wp\/v2\/pages\/579\/revisions"}],"predecessor-version":[{"id":595,"href":"https:\/\/www.madia.fr\/index.php?rest_route=\/wp\/v2\/pages\/579\/revisions\/595"}],"wp:featuredmedia":[{"embeddable":true,"href":"https:\/\/www.madia.fr\/index.php?rest_route=\/wp\/v2\/media\/583"}],"wp:attachment":[{"href":"https:\/\/www.madia.fr\/index.php?rest_route=%2Fwp%2Fv2%2Fmedia&parent=579"}],"curies":[{"name":"wp","href":"https:\/\/api.w.org\/{rel}","templated":true}]}}