{"id":737,"date":"2019-03-05T11:22:07","date_gmt":"2019-03-05T10:22:07","guid":{"rendered":"http:\/\/www.madia.fr\/?page_id=737"},"modified":"2019-03-10T21:25:20","modified_gmt":"2019-03-10T20:25:20","slug":"spectacle-2019-2","status":"publish","type":"page","link":"https:\/\/www.madia.fr\/?page_id=737","title":{"rendered":"Spectacle 2019"},"content":{"rendered":"<p style=\"padding-left: 30px; text-align: center;\"><span style=\"color: #ff6600;\"><strong><b>L\u2019Association MADiA organise<\/b><\/strong><\/span><\/p>\n<p style=\"text-align: center;\"><strong>Un REPAS SPECTACLE<\/strong><\/p>\n<p style=\"text-align: center;\"><strong>avec des danseurs du Foyer Malgache<\/strong><\/p>\n<p style=\"padding-left: 30px; text-align: center;\"><strong>dimanche 24 mars<\/strong><strong> 2019 \u00e0 12 heures 30 \u00e0 CACHAN<\/strong><\/p>\n<p><a href=\"http:\/\/www.madia.fr\/wp-content\/uploads\/2019\/03\/DSC_0415-ov.png\"><img loading=\"lazy\" decoding=\"async\" class=\"aligncenter wp-image-738 size-medium\" src=\"http:\/\/www.madia.fr\/wp-content\/uploads\/2019\/03\/DSC_0415-ov-300x201.png\" alt=\"\" width=\"300\" height=\"201\" srcset=\"https:\/\/www.madia.fr\/wp-content\/uploads\/2019\/03\/DSC_0415-ov-300x201.png 300w, https:\/\/www.madia.fr\/wp-content\/uploads\/2019\/03\/DSC_0415-ov-768x514.png 768w, https:\/\/www.madia.fr\/wp-content\/uploads\/2019\/03\/DSC_0415-ov-532x355.png 532w, https:\/\/www.madia.fr\/wp-content\/uploads\/2019\/03\/DSC_0415-ov.png 886w\" sizes=\"auto, (max-width: 300px) 100vw, 300px\" \/><\/a><\/p>\n<p>Vente d\u2019objets artisanaux\u00a0fabriqu\u00e9s et achet\u00e9s \u00e0 Madagascar<\/p>\n<p>&nbsp;<\/p>\n<p style=\"text-align: center;\"><span style=\"color: #ff6600;\"><strong>PAF : 18 \u20ac<\/strong><\/span><\/p>\n<p style=\"text-align: center;\"><span style=\"color: #ff6600;\"><strong>Jeunes de 5 \u00e0 12 ans\u00a0: 9 \u20ac<\/strong><\/span><\/p>\n<p style=\"text-align: center;\"><span style=\"color: #ff6600;\"><strong>Compris\u00a0: repas (entr\u00e9e, plat et dessert, hors boisson) et spectacle<\/strong><\/span><\/p>\n<p style=\"text-align: center;\"><span style=\"color: #00ccff;\"><em>\u00a0\u00a0 R\u00e9servation\u00a0: contact@madia.fr<\/em><\/span><\/p>\n<p><strong>\u00a0<\/strong><\/p>\n<p style=\"text-align: center;\"><strong>Centre socioculturel La Plaine<\/strong><\/p>\n<p style=\"text-align: center;\"><strong>1 all\u00e9e Pierre de Montreuil &#8211; 94230 Cachan<\/strong><\/p>\n","protected":false},"excerpt":{"rendered":"<p>L\u2019Association MADiA organise Un REPAS SPECTACLE avec des danseurs du Foyer Malgache dimanche 24 mars 2019 \u00e0 12 heures 30 \u00e0 CACHAN Vente d\u2019objets artisanaux\u00a0fabriqu\u00e9s et achet\u00e9s \u00e0 Madagascar &nbsp; PAF : 18 \u20ac Jeunes de 5 \u00e0 12 ans\u00a0: 9 \u20ac Compris\u00a0: repas (entr\u00e9e, plat et dessert, hors boisson) et spectacle \u00a0\u00a0 R\u00e9servation\u00a0: contact@madia.fr [&hellip;]<\/p>\n","protected":false},"author":1,"featured_media":0,"parent":0,"menu_order":0,"comment_status":"closed","ping_status":"closed","template":"","meta":{"footnotes":""},"class_list":["post-737","page","type-page","status-publish","hentry"],"_links":{"self":[{"href":"https:\/\/www.madia.fr\/index.php?rest_route=\/wp\/v2\/pages\/737","targetHints":{"allow":["GET"]}}],"collection":[{"href":"https:\/\/www.madia.fr\/index.php?rest_route=\/wp\/v2\/pages"}],"about":[{"href":"https:\/\/www.madia.fr\/index.php?rest_route=\/wp\/v2\/types\/page"}],"author":[{"embeddable":true,"href":"https:\/\/www.madia.fr\/index.php?rest_route=\/wp\/v2\/users\/1"}],"replies":[{"embeddable":true,"href":"https:\/\/www.madia.fr\/index.php?rest_route=%2Fwp%2Fv2%2Fcomments&post=737"}],"version-history":[{"count":4,"href":"https:\/\/www.madia.fr\/index.php?rest_route=\/wp\/v2\/pages\/737\/revisions"}],"predecessor-version":[{"id":881,"href":"https:\/\/www.madia.fr\/index.php?rest_route=\/wp\/v2\/pages\/737\/revisions\/881"}],"wp:attachment":[{"href":"https:\/\/www.madia.fr\/index.php?rest_route=%2Fwp%2Fv2%2Fmedia&parent=737"}],"curies":[{"name":"wp","href":"https:\/\/api.w.org\/{rel}","templated":true}]}}