{"id":758,"date":"2019-10-25T08:05:38","date_gmt":"2019-10-25T07:05:38","guid":{"rendered":"http:\/\/www.madia.fr\/?page_id=758"},"modified":"2019-10-25T08:06:06","modified_gmt":"2019-10-25T07:06:06","slug":"lettre-dinformation-13","status":"publish","type":"page","link":"https:\/\/www.madia.fr\/?page_id=758","title":{"rendered":"Lettre d&rsquo;information 13"},"content":{"rendered":"<p>Notre lettre d&rsquo;information n\u00b013 d&rsquo;avril 2019 est sortie. Elle donne l&rsquo;actualit\u00e9 de l&rsquo;association. N&rsquo;h\u00e9sitez pas \u00e0 la t\u00e9l\u00e9charger\u00a0<a href=\"http:\/\/www.madia.fr\/wp-content\/uploads\/2019\/10\/nl13.pdf\">ici<\/a>.<\/p>\n<p>Vos r\u00e9actions sont les bienvenues en \u00e9crivant\u00a0au <a href=\"mailto:webmaster@madia.fr?subject=Lettre%20Info%203\">Webmaster<\/a><\/p>\n","protected":false},"excerpt":{"rendered":"<p>Notre lettre d&rsquo;information n\u00b013 d&rsquo;avril 2019 est sortie. Elle donne l&rsquo;actualit\u00e9 de l&rsquo;association. N&rsquo;h\u00e9sitez pas \u00e0 la t\u00e9l\u00e9charger\u00a0ici. Vos r\u00e9actions sont les bienvenues en \u00e9crivant\u00a0au Webmaster<\/p>\n","protected":false},"author":1,"featured_media":0,"parent":0,"menu_order":0,"comment_status":"closed","ping_status":"closed","template":"","meta":{"footnotes":""},"class_list":["post-758","page","type-page","status-publish","hentry"],"_links":{"self":[{"href":"https:\/\/www.madia.fr\/index.php?rest_route=\/wp\/v2\/pages\/758","targetHints":{"allow":["GET"]}}],"collection":[{"href":"https:\/\/www.madia.fr\/index.php?rest_route=\/wp\/v2\/pages"}],"about":[{"href":"https:\/\/www.madia.fr\/index.php?rest_route=\/wp\/v2\/types\/page"}],"author":[{"embeddable":true,"href":"https:\/\/www.madia.fr\/index.php?rest_route=\/wp\/v2\/users\/1"}],"replies":[{"embeddable":true,"href":"https:\/\/www.madia.fr\/index.php?rest_route=%2Fwp%2Fv2%2Fcomments&post=758"}],"version-history":[{"count":1,"href":"https:\/\/www.madia.fr\/index.php?rest_route=\/wp\/v2\/pages\/758\/revisions"}],"predecessor-version":[{"id":760,"href":"https:\/\/www.madia.fr\/index.php?rest_route=\/wp\/v2\/pages\/758\/revisions\/760"}],"wp:attachment":[{"href":"https:\/\/www.madia.fr\/index.php?rest_route=%2Fwp%2Fv2%2Fmedia&parent=758"}],"curies":[{"name":"wp","href":"https:\/\/api.w.org\/{rel}","templated":true}]}}