{"id":791,"date":"2019-10-28T21:57:49","date_gmt":"2019-10-28T20:57:49","guid":{"rendered":"http:\/\/www.madia.fr\/?page_id=791"},"modified":"2019-11-01T20:36:49","modified_gmt":"2019-11-01T19:36:49","slug":"rentree-2019-2020-3","status":"publish","type":"page","link":"https:\/\/www.madia.fr\/?page_id=791","title":{"rendered":"Rentr\u00e9e 2019 &#8211; 2020"},"content":{"rendered":"<p>Tr\u00e8s bonne nouvelle pour l&rsquo;ESC : la deuxi\u00e8me promotion a fait sa pr\u00e9rentr\u00e9e les 21 et 22 octobre derniers.<\/p>\n<div dir=\"auto\">Elle se compose de 12 gar\u00e7ons et 8 filles entre 15 et 17 ans, tous tr\u00e8s motiv\u00e9s pour se remettre \u00e0 niveau en vue d&rsquo;une int\u00e9gration dans des centres de formation professionnelle d&rsquo;ici un ou deux ans. Chaque jeune a d\u00e9j\u00e0 une id\u00e9e du m\u00e9tier auquel il veut se destiner: m\u00e9canique, menuiserie, couture, coiffure, cuisine, h\u00f4tellerie mais aussi secr\u00e9taire ou dans l&rsquo;administration.<\/div>\n<div dir=\"auto\">Les deux journ\u00e9es de pr\u00e9rentr\u00e9e ont \u00e9t\u00e9 l&rsquo;occasion de faire connaissance mutuellement entre jeunes et personnel \u00e9ducatif de fa\u00e7on ludique et conviviale \u00e0 travers divers jeux, de d\u00e9couvrir le rythme et le programme scolaires ou encore de se familiariser avec leurs futurs lieux de vie scolaire.<\/div>\n<div dir=\"auto\" style=\"text-align: left;\">\n<p>Nous souhaitons \u00e0 nos jeunes une tr\u00e8s belle rentr\u00e9e \u00e0 l&rsquo;ESC prochainement et une tr\u00e8s belle ann\u00e9e scolaire riche d&rsquo;enseignements et d&rsquo;\u00e9changes! Au personnel \u00e9ducatif, une r\u00e9ussite aussi belle que leur engagement !<\/p>\n<div style=\"width: 570px;\" class=\"wp-video\"><!--[if lt IE 9]><script>document.createElement('video');<\/script><![endif]-->\n<video class=\"wp-video-shortcode\" id=\"video-791-1\" width=\"570\" height=\"321\" preload=\"metadata\" controls=\"controls\"><source type=\"video\/mp4\" src=\"http:\/\/www.madia.fr\/wp-content\/uploads\/2019\/10\/rentree-2019-2.mp4?_=1\" \/><a href=\"http:\/\/www.madia.fr\/wp-content\/uploads\/2019\/10\/rentree-2019-2.mp4\">http:\/\/www.madia.fr\/wp-content\/uploads\/2019\/10\/rentree-2019-2.mp4<\/a><\/video><\/div>\n<pre>            Nous sommes la deuxi\u00e8me promotion !! Ouais !!!<\/pre>\n<\/div>\n","protected":false},"excerpt":{"rendered":"<p>Tr\u00e8s bonne nouvelle pour l&rsquo;ESC : la deuxi\u00e8me promotion a fait sa pr\u00e9rentr\u00e9e les 21 et 22 octobre derniers. Elle se compose de 12 gar\u00e7ons et 8 filles entre 15 et 17 ans, tous tr\u00e8s motiv\u00e9s pour se remettre \u00e0 niveau en vue d&rsquo;une int\u00e9gration dans des centres de formation professionnelle d&rsquo;ici un ou deux [&hellip;]<\/p>\n","protected":false},"author":1,"featured_media":0,"parent":0,"menu_order":0,"comment_status":"closed","ping_status":"closed","template":"","meta":{"footnotes":""},"class_list":["post-791","page","type-page","status-publish","hentry"],"_links":{"self":[{"href":"https:\/\/www.madia.fr\/index.php?rest_route=\/wp\/v2\/pages\/791","targetHints":{"allow":["GET"]}}],"collection":[{"href":"https:\/\/www.madia.fr\/index.php?rest_route=\/wp\/v2\/pages"}],"about":[{"href":"https:\/\/www.madia.fr\/index.php?rest_route=\/wp\/v2\/types\/page"}],"author":[{"embeddable":true,"href":"https:\/\/www.madia.fr\/index.php?rest_route=\/wp\/v2\/users\/1"}],"replies":[{"embeddable":true,"href":"https:\/\/www.madia.fr\/index.php?rest_route=%2Fwp%2Fv2%2Fcomments&post=791"}],"version-history":[{"count":5,"href":"https:\/\/www.madia.fr\/index.php?rest_route=\/wp\/v2\/pages\/791\/revisions"}],"predecessor-version":[{"id":804,"href":"https:\/\/www.madia.fr\/index.php?rest_route=\/wp\/v2\/pages\/791\/revisions\/804"}],"wp:attachment":[{"href":"https:\/\/www.madia.fr\/index.php?rest_route=%2Fwp%2Fv2%2Fmedia&parent=791"}],"curies":[{"name":"wp","href":"https:\/\/api.w.org\/{rel}","templated":true}]}}