{"id":812,"date":"2019-11-13T10:01:53","date_gmt":"2019-11-13T09:01:53","guid":{"rendered":"http:\/\/www.madia.fr\/?page_id=812"},"modified":"2025-09-16T14:49:46","modified_gmt":"2025-09-16T13:49:46","slug":"associations-amies","status":"publish","type":"page","link":"https:\/\/www.madia.fr\/?page_id=812","title":{"rendered":"Associations amies"},"content":{"rendered":"\n<div class=\"wp-block-group\"><div class=\"wp-block-group__inner-container is-layout-flow wp-block-group-is-layout-flow\">\n<h3 class=\"entry-title\">L&rsquo;association SEL Mada<\/h3>\n<p>L\u2019Association est une \u0153uvre ayant pour objet la subsistance et l\u2019acc\u00e8s aux \u00e9tudes sup\u00e9rieures ou professionnelles \u00e0 Madagascar de jeunes en difficult\u00e9s financi\u00e8res, notamment sous forme de bourses pendant la dur\u00e9e de leurs \u00e9tudes.nword press<\/p>\n<p>Comme <em><span style=\"color: #ff6600;\">MADiA<\/span><\/em>, SEL Mada agit sur la ville de Fianarantsoa.<\/p>\n<p>Pour en savoir plus, rendez-vous sur le <a href=\"http:\/\/www.selmada.com\/\">site : www.selmada.com<\/a><\/p>\n<h3>\u00a0<\/h3>\n<h3 class=\"entry-title\">L&rsquo;association Les amis d&rsquo;Akany Soa<\/h3>\n<p>Il \u00e9tait une fois&#8230; une jeune femme malgache, qui s&rsquo;appelait Marie-Jeanne Razanamialy.<\/p>\n<p>Elle arriva en France en 1971, s&rsquo;installa dans la ville de Fresnes pour de nombreuses ann\u00e9es.<\/p>\n<p>Les ann\u00e9es pass\u00e8rent. L&rsquo;heure de la retraite sonna. Marie-Jeanne d\u00e9cida de repartir vivre sur son \u00eele, et d&rsquo;y r\u00e9aliser le projet qu&rsquo;elle m\u00fbrissait depuis longtemps : mettre ses comp\u00e9tences au service des femmes et des enfants de la r\u00e9gion de Faratsiho.<\/p>\n<p>Bien avant de quitter la France, Marie-Jeanne avait longuement discut\u00e9 avec ses amis fran\u00e7ais. Ceux-ci d\u00e9cid\u00e8rent de l&rsquo;aider, en soutenant financi\u00e8rement ses actions, en cherchant des partenaires, mais aussi et surtout en r\u00e9fl\u00e9chissant avec elle \u00e0 l&rsquo;\u00e9volution du projet. C&rsquo;est ainsi qu&rsquo;est n\u00e9e en juillet 2005 l\u2019association \u00ab\u00a0Les Amis d&rsquo;Akany Soa\u00a0\u00bb.<\/p>\n<p>Pour en savoir plus, rendez-vous sur le <a href=\"http:\/\/lesamisdakanysoa.eklablog.com\/\" target=\"_blank\" rel=\"noopener\">site : lesamisdakanysoa<\/a><\/p>\n<p>\u00a0<\/p>\n<h3 class=\"entry-title\">L&rsquo;association ANIMAE<\/h3>\n<p>L\u2019Association ANIMAE effectue des ventes d&rsquo;objets r\u00e9alis\u00e9s par ses b\u00e9n\u00e9voles. Son activit\u00e9 s&rsquo;excerce sur Villejuif (Val-de-Marne) et demande des b\u00e9n\u00e9voles pour compl\u00e9ter l&rsquo;\u00e9quipe.<\/p>\n<p>G\u00e9n\u00e9reusement, ANIMAE reverse chaque ann\u00e9e ses b\u00e9n\u00e9fices \u00e0 <em><span style=\"color: #ff6600;\">MADiA<\/span>. <\/em>Elle est chaleureusement remerci\u00e9e.<\/p>\n<p>\u00a0<\/p>\n<h3>\u00a0<\/h3>\n<p>\u00a0<\/p>\n<\/div><\/div>\n\n\n\n<p>&nbsp;<\/p>\n","protected":false},"excerpt":{"rendered":"<p>L&rsquo;association SEL Mada L\u2019Association est une \u0153uvre ayant pour objet la subsistance et l\u2019acc\u00e8s aux \u00e9tudes sup\u00e9rieures ou professionnelles \u00e0 Madagascar de jeunes en difficult\u00e9s financi\u00e8res, notamment sous forme de bourses pendant la dur\u00e9e de leurs \u00e9tudes.nword press Comme MADiA, SEL Mada agit sur la ville de Fianarantsoa. Pour en savoir plus, rendez-vous sur le [&hellip;]<\/p>\n","protected":false},"author":1,"featured_media":0,"parent":0,"menu_order":0,"comment_status":"closed","ping_status":"closed","template":"","meta":{"footnotes":""},"class_list":["post-812","page","type-page","status-publish","hentry"],"_links":{"self":[{"href":"https:\/\/www.madia.fr\/index.php?rest_route=\/wp\/v2\/pages\/812","targetHints":{"allow":["GET"]}}],"collection":[{"href":"https:\/\/www.madia.fr\/index.php?rest_route=\/wp\/v2\/pages"}],"about":[{"href":"https:\/\/www.madia.fr\/index.php?rest_route=\/wp\/v2\/types\/page"}],"author":[{"embeddable":true,"href":"https:\/\/www.madia.fr\/index.php?rest_route=\/wp\/v2\/users\/1"}],"replies":[{"embeddable":true,"href":"https:\/\/www.madia.fr\/index.php?rest_route=%2Fwp%2Fv2%2Fcomments&post=812"}],"version-history":[{"count":21,"href":"https:\/\/www.madia.fr\/index.php?rest_route=\/wp\/v2\/pages\/812\/revisions"}],"predecessor-version":[{"id":2072,"href":"https:\/\/www.madia.fr\/index.php?rest_route=\/wp\/v2\/pages\/812\/revisions\/2072"}],"wp:attachment":[{"href":"https:\/\/www.madia.fr\/index.php?rest_route=%2Fwp%2Fv2%2Fmedia&parent=812"}],"curies":[{"name":"wp","href":"https:\/\/api.w.org\/{rel}","templated":true}]}}